{"id":887,"date":"2017-08-02T18:26:03","date_gmt":"2017-08-02T23:26:03","guid":{"rendered":"https:\/\/rftechnologies.wpengine.com\/product\/big-dog-ip-with-16-hd-cameras-bdhdip24-a\/"},"modified":"2025-08-05T12:55:41","modified_gmt":"2025-08-05T17:55:41","slug":"big-dog-ip-24-camera-system","status":"publish","type":"product","link":"https:\/\/rfdrivethru.ca\/fr\/product\/big-dog-ip-24-camera-system\/","title":{"rendered":"Big Dog IP Surveillance System (24 IP Cameras)"},"content":{"rendered":"<p>Big Dog IP Surveillance System (24 IP Cameras)<\/p>\n<ul>\n<li>NVR supports up to 32 IP cameras total<\/li>\n<\/ul>\n<p>&nbsp;<\/p>\n<p>Big Dog Surveillance offers competitive pricing on digital surveillance for your business. Customized specifically for the restaurant industry, Big Dog helps you minimize loss, improve safety and training, and protect profit. Monitor your team, anywhere at any time with remote access. With free 24\/7\/365 technical support, and no contract, lease, or subscriptions, RFT is your trusted source when it comes to security and proven digital surveillance.<\/p>\n<div class=\"gmail-product gmail-attribute gmail-overview\">\n<div class=\"gmail-value\">\n<p><em><strong>*Toutes les commandes sp\u00e9ciales ont un d\u00e9lai de traitement suppl\u00e9mentaire de 5 \u00e0 10 jours ouvrables, quelle que soit la m\u00e9thode d'exp\u00e9dition choisie.<\/strong><\/em><\/p>\n<\/div>\n<\/div>","protected":false},"excerpt":{"rendered":"<p>Big Dog IP Surveillance System (24 IP Cameras)<\/p>\n<ul>\n<li>NVR supports up to 32 IP cameras total<\/li>\n<\/ul>\n<p>&nbsp;<\/p>\n<p>Big Dog Surveillance offers competitive pricing on digital surveillance for your business. Customized specifically for the restaurant industry, Big Dog helps you minimize loss, improve safety and training, and protect profit. Monitor your team, anywhere at any time with remote access. With free 24\/7\/365 technical support, and no contract, lease, or subscriptions, RFT is your trusted source when it comes to security and proven digital surveillance.<\/p>\n<div class=\"gmail-product gmail-attribute gmail-overview\">\n<div class=\"gmail-value\">\n<p><em><strong>*Toutes les commandes sp\u00e9ciales ont un d\u00e9lai de traitement suppl\u00e9mentaire de 5 \u00e0 10 jours ouvrables, quelle que soit la m\u00e9thode d'exp\u00e9dition choisie.<\/strong><\/em><\/p>\n<\/div>\n<\/div>","protected":false},"featured_media":28317,"template":"","meta":{"_acf_changed":false},"product_brand":[1057],"product_cat":[405],"product_tag":[],"class_list":{"0":"post-887","1":"product","2":"type-product","3":"status-publish","4":"has-post-thumbnail","6":"product_brand-big-dog-surveillance","7":"product_cat-big-dog-ip-surveillance-packages","8":"pa_brand-big-dog-surveillance","9":"pa_product_condition-53-new","10":"pa_product_type_custom-big-dog-ip-surveillance-packages","12":"first","13":"instock","14":"taxable","15":"shipping-taxable","16":"product-type-simple"},"acf":[],"yoast_head":"<!-- This site is optimized with the Yoast SEO plugin v27.3 - https:\/\/yoast.com\/product\/yoast-seo-wordpress\/ -->\n<title>Big Dog - 24 Camera IP Surveillance System<\/title>\n<meta name=\"description\" content=\"Big Dog Surveillance System Complete 24 Camera IP Surveillance System. Supports up to 32 IP cameras. Sold by R.F. Technologies, Inc.\" \/>\n<meta name=\"robots\" content=\"index, follow, max-snippet:-1, max-image-preview:large, max-video-preview:-1\" \/>\n<link rel=\"canonical\" href=\"https:\/\/rfdrivethru.ca\/fr\/product\/big-dog-ip-24-camera-system\/\" \/>\n<meta property=\"og:locale\" content=\"fr_CA\" \/>\n<meta property=\"og:type\" content=\"article\" \/>\n<meta property=\"og:title\" content=\"Big Dog - 24 Camera IP Surveillance System\" \/>\n<meta property=\"og:description\" content=\"Big Dog Surveillance System Complete 24 Camera IP Surveillance System. Supports up to 32 IP cameras. Sold by R.F. Technologies, Inc.\" \/>\n<meta property=\"og:url\" content=\"https:\/\/rfdrivethru.ca\/fr\/product\/big-dog-ip-24-camera-system\/\" \/>\n<meta property=\"og:site_name\" content=\"RF Drive-Thru ULC\" \/>\n<meta property=\"article:modified_time\" content=\"2025-08-05T17:55:41+00:00\" \/>\n<meta property=\"og:image\" content=\"https:\/\/rfdrivethru.ca\/wp-content\/uploads\/2017\/08\/BDHDIP24-A.png\" \/>\n\t<meta property=\"og:image:width\" content=\"960\" \/>\n\t<meta property=\"og:image:height\" content=\"960\" \/>\n\t<meta property=\"og:image:type\" content=\"image\/png\" \/>\n<meta name=\"twitter:card\" content=\"summary_large_image\" \/>\n<meta name=\"twitter:label1\" content=\"Est. reading time\" \/>\n\t<meta name=\"twitter:data1\" content=\"1 minute\" \/>\n<script type=\"application\/ld+json\" class=\"yoast-schema-graph\">{\"@context\":\"https:\\\/\\\/schema.org\",\"@graph\":[{\"@type\":\"WebPage\",\"@id\":\"https:\\\/\\\/rfdrivethru.ca\\\/product\\\/big-dog-ip-24-camera-system\\\/\",\"url\":\"https:\\\/\\\/rfdrivethru.ca\\\/product\\\/big-dog-ip-24-camera-system\\\/\",\"name\":\"Big Dog - 24 Camera IP Surveillance System\",\"isPartOf\":{\"@id\":\"https:\\\/\\\/rfdrivethru.ca\\\/#website\"},\"primaryImageOfPage\":{\"@id\":\"https:\\\/\\\/rfdrivethru.ca\\\/product\\\/big-dog-ip-24-camera-system\\\/#primaryimage\"},\"image\":{\"@id\":\"https:\\\/\\\/rfdrivethru.ca\\\/product\\\/big-dog-ip-24-camera-system\\\/#primaryimage\"},\"thumbnailUrl\":\"https:\\\/\\\/rfdrivethru.ca\\\/wp-content\\\/uploads\\\/2017\\\/08\\\/BDHDIP24-A.png\",\"datePublished\":\"2017-08-02T23:26:03+00:00\",\"dateModified\":\"2025-08-05T17:55:41+00:00\",\"description\":\"Big Dog Surveillance System Complete 24 Camera IP Surveillance System. Supports up to 32 IP cameras. Sold by R.F. Technologies, Inc.\",\"breadcrumb\":{\"@id\":\"https:\\\/\\\/rfdrivethru.ca\\\/product\\\/big-dog-ip-24-camera-system\\\/#breadcrumb\"},\"inLanguage\":\"fr-CA\",\"potentialAction\":[{\"@type\":\"ReadAction\",\"target\":[\"https:\\\/\\\/rfdrivethru.ca\\\/product\\\/big-dog-ip-24-camera-system\\\/\"]}]},{\"@type\":\"ImageObject\",\"inLanguage\":\"fr-CA\",\"@id\":\"https:\\\/\\\/rfdrivethru.ca\\\/product\\\/big-dog-ip-24-camera-system\\\/#primaryimage\",\"url\":\"https:\\\/\\\/rfdrivethru.ca\\\/wp-content\\\/uploads\\\/2017\\\/08\\\/BDHDIP24-A.png\",\"contentUrl\":\"https:\\\/\\\/rfdrivethru.ca\\\/wp-content\\\/uploads\\\/2017\\\/08\\\/BDHDIP24-A.png\",\"width\":960,\"height\":960},{\"@type\":\"BreadcrumbList\",\"@id\":\"https:\\\/\\\/rfdrivethru.ca\\\/product\\\/big-dog-ip-24-camera-system\\\/#breadcrumb\",\"itemListElement\":[{\"@type\":\"ListItem\",\"position\":1,\"name\":\"Home\",\"item\":\"https:\\\/\\\/rfdrivethru.ca\\\/\"},{\"@type\":\"ListItem\",\"position\":2,\"name\":\"Shop\",\"item\":\"https:\\\/\\\/rfdrivethru.ca\\\/shop\\\/\"},{\"@type\":\"ListItem\",\"position\":3,\"name\":\"Big Dog IP Surveillance System (24 IP Cameras)\"}]},{\"@type\":\"WebSite\",\"@id\":\"https:\\\/\\\/rfdrivethru.ca\\\/#website\",\"url\":\"https:\\\/\\\/rfdrivethru.ca\\\/\",\"name\":\"R.F. Technologies, Inc.\",\"description\":\"Canadian Restaurant Technology Solutions\",\"publisher\":{\"@id\":\"https:\\\/\\\/rfdrivethru.ca\\\/#organization\"},\"potentialAction\":[{\"@type\":\"SearchAction\",\"target\":{\"@type\":\"EntryPoint\",\"urlTemplate\":\"https:\\\/\\\/rfdrivethru.ca\\\/?s={search_term_string}\"},\"query-input\":{\"@type\":\"PropertyValueSpecification\",\"valueRequired\":true,\"valueName\":\"search_term_string\"}}],\"inLanguage\":\"fr-CA\"},{\"@type\":\"Organization\",\"@id\":\"https:\\\/\\\/rfdrivethru.ca\\\/#organization\",\"name\":\"RF Drive-Thru ULC\",\"url\":\"https:\\\/\\\/rfdrivethru.ca\\\/\",\"logo\":{\"@type\":\"ImageObject\",\"inLanguage\":\"fr-CA\",\"@id\":\"https:\\\/\\\/rfdrivethru.ca\\\/#\\\/schema\\\/logo\\\/image\\\/\",\"url\":\"https:\\\/\\\/rfdrivethru.ca\\\/wp-content\\\/uploads\\\/2025\\\/08\\\/cropped-R.F.-Technologies-Inc_.png\",\"contentUrl\":\"https:\\\/\\\/rfdrivethru.ca\\\/wp-content\\\/uploads\\\/2025\\\/08\\\/cropped-R.F.-Technologies-Inc_.png\",\"width\":512,\"height\":512,\"caption\":\"RF Drive-Thru ULC\"},\"image\":{\"@id\":\"https:\\\/\\\/rfdrivethru.ca\\\/#\\\/schema\\\/logo\\\/image\\\/\"}}]}<\/script>\n<!-- \/ Yoast SEO plugin. -->","yoast_head_json":{"title":"Big Dog - 24 Camera IP Surveillance System","description":"Big Dog Surveillance System Complete 24 Camera IP Surveillance System. Supports up to 32 IP cameras. Sold by R.F. Technologies, Inc.","robots":{"index":"index","follow":"follow","max-snippet":"max-snippet:-1","max-image-preview":"max-image-preview:large","max-video-preview":"max-video-preview:-1"},"canonical":"https:\/\/rfdrivethru.ca\/fr\/product\/big-dog-ip-24-camera-system\/","og_locale":"fr_CA","og_type":"article","og_title":"Big Dog - 24 Camera IP Surveillance System","og_description":"Big Dog Surveillance System Complete 24 Camera IP Surveillance System. Supports up to 32 IP cameras. Sold by R.F. Technologies, Inc.","og_url":"https:\/\/rfdrivethru.ca\/fr\/product\/big-dog-ip-24-camera-system\/","og_site_name":"RF Drive-Thru ULC","article_modified_time":"2025-08-05T17:55:41+00:00","og_image":[{"width":960,"height":960,"url":"https:\/\/rfdrivethru.ca\/wp-content\/uploads\/2017\/08\/BDHDIP24-A.png","type":"image\/png"}],"twitter_card":"summary_large_image","twitter_misc":{"Est. reading time":"1 minute"},"schema":{"@context":"https:\/\/schema.org","@graph":[{"@type":"WebPage","@id":"https:\/\/rfdrivethru.ca\/product\/big-dog-ip-24-camera-system\/","url":"https:\/\/rfdrivethru.ca\/product\/big-dog-ip-24-camera-system\/","name":"Big Dog - 24 Camera IP Surveillance System","isPartOf":{"@id":"https:\/\/rfdrivethru.ca\/#website"},"primaryImageOfPage":{"@id":"https:\/\/rfdrivethru.ca\/product\/big-dog-ip-24-camera-system\/#primaryimage"},"image":{"@id":"https:\/\/rfdrivethru.ca\/product\/big-dog-ip-24-camera-system\/#primaryimage"},"thumbnailUrl":"https:\/\/rfdrivethru.ca\/wp-content\/uploads\/2017\/08\/BDHDIP24-A.png","datePublished":"2017-08-02T23:26:03+00:00","dateModified":"2025-08-05T17:55:41+00:00","description":"Big Dog Surveillance System Complete 24 Camera IP Surveillance System. Supports up to 32 IP cameras. Sold by R.F. Technologies, Inc.","breadcrumb":{"@id":"https:\/\/rfdrivethru.ca\/product\/big-dog-ip-24-camera-system\/#breadcrumb"},"inLanguage":"fr-CA","potentialAction":[{"@type":"ReadAction","target":["https:\/\/rfdrivethru.ca\/product\/big-dog-ip-24-camera-system\/"]}]},{"@type":"ImageObject","inLanguage":"fr-CA","@id":"https:\/\/rfdrivethru.ca\/product\/big-dog-ip-24-camera-system\/#primaryimage","url":"https:\/\/rfdrivethru.ca\/wp-content\/uploads\/2017\/08\/BDHDIP24-A.png","contentUrl":"https:\/\/rfdrivethru.ca\/wp-content\/uploads\/2017\/08\/BDHDIP24-A.png","width":960,"height":960},{"@type":"BreadcrumbList","@id":"https:\/\/rfdrivethru.ca\/product\/big-dog-ip-24-camera-system\/#breadcrumb","itemListElement":[{"@type":"ListItem","position":1,"name":"Home","item":"https:\/\/rfdrivethru.ca\/"},{"@type":"ListItem","position":2,"name":"Shop","item":"https:\/\/rfdrivethru.ca\/shop\/"},{"@type":"ListItem","position":3,"name":"Big Dog IP Surveillance System (24 IP Cameras)"}]},{"@type":"WebSite","@id":"https:\/\/rfdrivethru.ca\/#website","url":"https:\/\/rfdrivethru.ca\/","name":"R.F. Technologies, Inc.","description":"Canadian Restaurant Technology Solutions","publisher":{"@id":"https:\/\/rfdrivethru.ca\/#organization"},"potentialAction":[{"@type":"SearchAction","target":{"@type":"EntryPoint","urlTemplate":"https:\/\/rfdrivethru.ca\/?s={search_term_string}"},"query-input":{"@type":"PropertyValueSpecification","valueRequired":true,"valueName":"search_term_string"}}],"inLanguage":"fr-CA"},{"@type":"Organization","@id":"https:\/\/rfdrivethru.ca\/#organization","name":"RF Drive-Thru ULC","url":"https:\/\/rfdrivethru.ca\/","logo":{"@type":"ImageObject","inLanguage":"fr-CA","@id":"https:\/\/rfdrivethru.ca\/#\/schema\/logo\/image\/","url":"https:\/\/rfdrivethru.ca\/wp-content\/uploads\/2025\/08\/cropped-R.F.-Technologies-Inc_.png","contentUrl":"https:\/\/rfdrivethru.ca\/wp-content\/uploads\/2025\/08\/cropped-R.F.-Technologies-Inc_.png","width":512,"height":512,"caption":"RF Drive-Thru ULC"},"image":{"@id":"https:\/\/rfdrivethru.ca\/#\/schema\/logo\/image\/"}}]}},"_links":{"self":[{"href":"https:\/\/rfdrivethru.ca\/fr\/wp-json\/wp\/v2\/product\/887","targetHints":{"allow":["GET"]}}],"collection":[{"href":"https:\/\/rfdrivethru.ca\/fr\/wp-json\/wp\/v2\/product"}],"about":[{"href":"https:\/\/rfdrivethru.ca\/fr\/wp-json\/wp\/v2\/types\/product"}],"wp:featuredmedia":[{"embeddable":true,"href":"https:\/\/rfdrivethru.ca\/fr\/wp-json\/wp\/v2\/media\/28317"}],"wp:attachment":[{"href":"https:\/\/rfdrivethru.ca\/fr\/wp-json\/wp\/v2\/media?parent=887"}],"wp:term":[{"taxonomy":"product_brand","embeddable":true,"href":"https:\/\/rfdrivethru.ca\/fr\/wp-json\/wp\/v2\/product_brand?post=887"},{"taxonomy":"product_cat","embeddable":true,"href":"https:\/\/rfdrivethru.ca\/fr\/wp-json\/wp\/v2\/product_cat?post=887"},{"taxonomy":"product_tag","embeddable":true,"href":"https:\/\/rfdrivethru.ca\/fr\/wp-json\/wp\/v2\/product_tag?post=887"}],"curies":[{"name":"wp","href":"https:\/\/api.w.org\/{rel}","templated":true}]}}