{"id":737,"date":"2017-05-15T23:31:47","date_gmt":"2017-05-16T04:31:47","guid":{"rendered":"https:\/\/rftechnologies.wpengine.com\/product\/16-hd-camera-nvr\/"},"modified":"2026-01-15T14:20:50","modified_gmt":"2026-01-15T20:20:50","slug":"16-camera-ip-network-video-recorder-4-tb-storage","status":"publish","type":"product","link":"https:\/\/rfdrivethru.ca\/fr\/product\/16-camera-ip-network-video-recorder-4-tb-storage\/","title":{"rendered":"16 Camera IP Network Video Recorder (NVR) with 4TB Storage"},"content":{"rendered":"<p>16 Camera IP Network Video Recorder (NVR) with 4TB Storage supports Surveillance Systems with up to 16 IP Cameras<\/p>\n<p>Big Dog HD Digital Surveillance offers competitive pricing on digital surveillance for your restaurant. Customized specifically for the restaurant industry, BDHD helps you minimize loss, improve safety and training, and protect profit. Monitor your team, anywhere at any time, with BDHD\u2019s remote access. With free 24\/7 technical support, and no contract, lease, or subscriptions, RF is your trusted source when it comes to security and digital surveillance.<\/p>\n<ul>\n<li>16-Channel Network Video Recorder (NVR)<\/li>\n<li>Supports IP Cameras up to 8MP (4K)<\/li>\n<li>4TB HDD preinstalled (Support for up to 6 TB capacity HDDs &#8211; Max 4 HDD)<\/li>\n<li>Remote Access (must have an active internet connection)<\/li>\n<li>1.5U Rack Mountable Casing<\/li>\n<\/ul>\n<p>&nbsp;<\/p>\n<p><em><strong>*Toutes les commandes sp\u00e9ciales ont un d\u00e9lai de traitement suppl\u00e9mentaire de 5 \u00e0 10 jours ouvrables, quelle que soit la m\u00e9thode d'exp\u00e9dition choisie.<\/strong><\/em><\/p>\n<p><a class=\"button\" target=\"_blank\" href=\"\/wp-content\/uploads\/2024\/06\/Big-Dog-BD16NVR2U-Spec-Sheet.pdf\">Download Manual<\/a><\/p>","protected":false},"excerpt":{"rendered":"<p>16 Camera IP Network Video Recorder (NVR) with 4TB Storage supports Surveillance Systems with up to 16 IP Cameras<\/p>\n<p>Big Dog HD Digital Surveillance offers competitive pricing on digital surveillance for your restaurant. Customized specifically for the restaurant industry, BDHD helps you minimize loss, improve safety and training, and protect profit. Monitor your team, anywhere at any time, with BDHD\u2019s remote access. With free 24\/7 technical support, and no contract, lease, or subscriptions, RF is your trusted source when it comes to security and digital surveillance.<\/p>\n<ul>\n<li>16-Channel Network Video Recorder (NVR)<\/li>\n<li>Supports IP Cameras up to 8MP (4K)<\/li>\n<li>4TB HDD preinstalled (Support for up to 6 TB capacity HDDs &#8211; Max 4 HDD)<\/li>\n<li>Remote Access (must have an active internet connection)<\/li>\n<li>1.5U Rack Mountable Casing<\/li>\n<\/ul>\n<p>&nbsp;<\/p>\n<p><em><strong>*Toutes les commandes sp\u00e9ciales ont un d\u00e9lai de traitement suppl\u00e9mentaire de 5 \u00e0 10 jours ouvrables, quelle que soit la m\u00e9thode d'exp\u00e9dition choisie.<\/strong><\/em><\/p>\n<p><a href=\"https:\/\/rfdrivethru.ca\/wp-content\/uploads\/2024\/06\/Big-Dog-BD16NVR2U-Spec-Sheet.pdf\" target=\"_blank\" rel=\"noopener\">Download Manual<\/a><\/p>","protected":false},"featured_media":30192,"template":"","meta":{"_acf_changed":false},"product_brand":[1057],"product_cat":[428],"product_tag":[],"class_list":{"0":"post-737","1":"product","2":"type-product","3":"status-publish","4":"has-post-thumbnail","6":"product_brand-big-dog-surveillance","7":"product_cat-big-dog-surveillance-accessories","8":"pa_brand-big-dog-surveillance","9":"pa_compatibility-ip-surveillance-systems","10":"pa_product_condition-53-new","11":"pa_product_type_custom-big-dog-surveillance-accessories","12":"pa_product_type_custom-big-dog-surveillance-video-recorders","14":"first","15":"instock","16":"taxable","17":"shipping-taxable","18":"product-type-simple"},"acf":[],"yoast_head":"<!-- This site is optimized with the Yoast SEO plugin v27.3 - https:\/\/yoast.com\/product\/yoast-seo-wordpress\/ -->\n<title>16 Camera IP Network Video Recorder (NVR) with 4TB Storage<\/title>\n<meta name=\"description\" content=\"16 Camera HD Network Video Recorder (NVR) with 4TB Storage for use with Big Dog IP Surveillance Systems. Sold by R.F. Technologies, Inc.\" \/>\n<meta name=\"robots\" content=\"index, follow, max-snippet:-1, max-image-preview:large, max-video-preview:-1\" \/>\n<link rel=\"canonical\" href=\"https:\/\/rfdrivethru.ca\/fr\/product\/16-camera-ip-network-video-recorder-4-tb-storage\/\" \/>\n<meta property=\"og:locale\" content=\"fr_CA\" \/>\n<meta property=\"og:type\" content=\"article\" \/>\n<meta property=\"og:title\" content=\"16 Camera IP Network Video Recorder (NVR) with 4TB Storage\" \/>\n<meta property=\"og:description\" content=\"16 Camera HD Network Video Recorder (NVR) with 4TB Storage for use with Big Dog IP Surveillance Systems. Sold by R.F. Technologies, Inc.\" \/>\n<meta property=\"og:url\" content=\"https:\/\/rfdrivethru.ca\/fr\/product\/16-camera-ip-network-video-recorder-4-tb-storage\/\" \/>\n<meta property=\"og:site_name\" content=\"RF Drive-Thru ULC\" \/>\n<meta property=\"article:modified_time\" content=\"2026-01-15T20:20:50+00:00\" \/>\n<meta property=\"og:image\" content=\"https:\/\/rfdrivethru.ca\/wp-content\/uploads\/2017\/05\/BD16NVR2U.png\" \/>\n\t<meta property=\"og:image:width\" content=\"659\" \/>\n\t<meta property=\"og:image:height\" content=\"172\" \/>\n\t<meta property=\"og:image:type\" content=\"image\/png\" \/>\n<meta name=\"twitter:card\" content=\"summary_large_image\" \/>\n<meta name=\"twitter:label1\" content=\"Est. reading time\" \/>\n\t<meta name=\"twitter:data1\" content=\"1 minute\" \/>\n<script type=\"application\/ld+json\" class=\"yoast-schema-graph\">{\"@context\":\"https:\\\/\\\/schema.org\",\"@graph\":[{\"@type\":\"WebPage\",\"@id\":\"https:\\\/\\\/rfdrivethru.ca\\\/product\\\/16-camera-ip-network-video-recorder-4-tb-storage\\\/\",\"url\":\"https:\\\/\\\/rfdrivethru.ca\\\/product\\\/16-camera-ip-network-video-recorder-4-tb-storage\\\/\",\"name\":\"16 Camera IP Network Video Recorder (NVR) with 4TB Storage\",\"isPartOf\":{\"@id\":\"https:\\\/\\\/rfdrivethru.ca\\\/#website\"},\"primaryImageOfPage\":{\"@id\":\"https:\\\/\\\/rfdrivethru.ca\\\/product\\\/16-camera-ip-network-video-recorder-4-tb-storage\\\/#primaryimage\"},\"image\":{\"@id\":\"https:\\\/\\\/rfdrivethru.ca\\\/product\\\/16-camera-ip-network-video-recorder-4-tb-storage\\\/#primaryimage\"},\"thumbnailUrl\":\"https:\\\/\\\/rfdrivethru.ca\\\/wp-content\\\/uploads\\\/2017\\\/05\\\/BD16NVR2U.png\",\"datePublished\":\"2017-05-16T04:31:47+00:00\",\"dateModified\":\"2026-01-15T20:20:50+00:00\",\"description\":\"16 Camera HD Network Video Recorder (NVR) with 4TB Storage for use with Big Dog IP Surveillance Systems. Sold by R.F. Technologies, Inc.\",\"breadcrumb\":{\"@id\":\"https:\\\/\\\/rfdrivethru.ca\\\/product\\\/16-camera-ip-network-video-recorder-4-tb-storage\\\/#breadcrumb\"},\"inLanguage\":\"fr-CA\",\"potentialAction\":[{\"@type\":\"ReadAction\",\"target\":[\"https:\\\/\\\/rfdrivethru.ca\\\/product\\\/16-camera-ip-network-video-recorder-4-tb-storage\\\/\"]}]},{\"@type\":\"ImageObject\",\"inLanguage\":\"fr-CA\",\"@id\":\"https:\\\/\\\/rfdrivethru.ca\\\/product\\\/16-camera-ip-network-video-recorder-4-tb-storage\\\/#primaryimage\",\"url\":\"https:\\\/\\\/rfdrivethru.ca\\\/wp-content\\\/uploads\\\/2017\\\/05\\\/BD16NVR2U.png\",\"contentUrl\":\"https:\\\/\\\/rfdrivethru.ca\\\/wp-content\\\/uploads\\\/2017\\\/05\\\/BD16NVR2U.png\",\"width\":659,\"height\":172},{\"@type\":\"BreadcrumbList\",\"@id\":\"https:\\\/\\\/rfdrivethru.ca\\\/product\\\/16-camera-ip-network-video-recorder-4-tb-storage\\\/#breadcrumb\",\"itemListElement\":[{\"@type\":\"ListItem\",\"position\":1,\"name\":\"Home\",\"item\":\"https:\\\/\\\/rfdrivethru.ca\\\/\"},{\"@type\":\"ListItem\",\"position\":2,\"name\":\"Shop\",\"item\":\"https:\\\/\\\/rfdrivethru.ca\\\/shop\\\/\"},{\"@type\":\"ListItem\",\"position\":3,\"name\":\"16 Camera IP Network Video Recorder (NVR) with 4TB Storage\"}]},{\"@type\":\"WebSite\",\"@id\":\"https:\\\/\\\/rfdrivethru.ca\\\/#website\",\"url\":\"https:\\\/\\\/rfdrivethru.ca\\\/\",\"name\":\"R.F. Technologies, Inc.\",\"description\":\"Canadian Restaurant Technology Solutions\",\"publisher\":{\"@id\":\"https:\\\/\\\/rfdrivethru.ca\\\/#organization\"},\"potentialAction\":[{\"@type\":\"SearchAction\",\"target\":{\"@type\":\"EntryPoint\",\"urlTemplate\":\"https:\\\/\\\/rfdrivethru.ca\\\/?s={search_term_string}\"},\"query-input\":{\"@type\":\"PropertyValueSpecification\",\"valueRequired\":true,\"valueName\":\"search_term_string\"}}],\"inLanguage\":\"fr-CA\"},{\"@type\":\"Organization\",\"@id\":\"https:\\\/\\\/rfdrivethru.ca\\\/#organization\",\"name\":\"RF Drive-Thru ULC\",\"url\":\"https:\\\/\\\/rfdrivethru.ca\\\/\",\"logo\":{\"@type\":\"ImageObject\",\"inLanguage\":\"fr-CA\",\"@id\":\"https:\\\/\\\/rfdrivethru.ca\\\/#\\\/schema\\\/logo\\\/image\\\/\",\"url\":\"https:\\\/\\\/rfdrivethru.ca\\\/wp-content\\\/uploads\\\/2025\\\/08\\\/cropped-R.F.-Technologies-Inc_.png\",\"contentUrl\":\"https:\\\/\\\/rfdrivethru.ca\\\/wp-content\\\/uploads\\\/2025\\\/08\\\/cropped-R.F.-Technologies-Inc_.png\",\"width\":512,\"height\":512,\"caption\":\"RF Drive-Thru ULC\"},\"image\":{\"@id\":\"https:\\\/\\\/rfdrivethru.ca\\\/#\\\/schema\\\/logo\\\/image\\\/\"}}]}<\/script>\n<!-- \/ Yoast SEO plugin. -->","yoast_head_json":{"title":"16 Camera IP Network Video Recorder (NVR) with 4TB Storage","description":"16 Camera HD Network Video Recorder (NVR) with 4TB Storage for use with Big Dog IP Surveillance Systems. Sold by R.F. Technologies, Inc.","robots":{"index":"index","follow":"follow","max-snippet":"max-snippet:-1","max-image-preview":"max-image-preview:large","max-video-preview":"max-video-preview:-1"},"canonical":"https:\/\/rfdrivethru.ca\/fr\/product\/16-camera-ip-network-video-recorder-4-tb-storage\/","og_locale":"fr_CA","og_type":"article","og_title":"16 Camera IP Network Video Recorder (NVR) with 4TB Storage","og_description":"16 Camera HD Network Video Recorder (NVR) with 4TB Storage for use with Big Dog IP Surveillance Systems. Sold by R.F. Technologies, Inc.","og_url":"https:\/\/rfdrivethru.ca\/fr\/product\/16-camera-ip-network-video-recorder-4-tb-storage\/","og_site_name":"RF Drive-Thru ULC","article_modified_time":"2026-01-15T20:20:50+00:00","og_image":[{"width":659,"height":172,"url":"https:\/\/rfdrivethru.ca\/wp-content\/uploads\/2017\/05\/BD16NVR2U.png","type":"image\/png"}],"twitter_card":"summary_large_image","twitter_misc":{"Est. reading time":"1 minute"},"schema":{"@context":"https:\/\/schema.org","@graph":[{"@type":"WebPage","@id":"https:\/\/rfdrivethru.ca\/product\/16-camera-ip-network-video-recorder-4-tb-storage\/","url":"https:\/\/rfdrivethru.ca\/product\/16-camera-ip-network-video-recorder-4-tb-storage\/","name":"16 Camera IP Network Video Recorder (NVR) with 4TB Storage","isPartOf":{"@id":"https:\/\/rfdrivethru.ca\/#website"},"primaryImageOfPage":{"@id":"https:\/\/rfdrivethru.ca\/product\/16-camera-ip-network-video-recorder-4-tb-storage\/#primaryimage"},"image":{"@id":"https:\/\/rfdrivethru.ca\/product\/16-camera-ip-network-video-recorder-4-tb-storage\/#primaryimage"},"thumbnailUrl":"https:\/\/rfdrivethru.ca\/wp-content\/uploads\/2017\/05\/BD16NVR2U.png","datePublished":"2017-05-16T04:31:47+00:00","dateModified":"2026-01-15T20:20:50+00:00","description":"16 Camera HD Network Video Recorder (NVR) with 4TB Storage for use with Big Dog IP Surveillance Systems. Sold by R.F. Technologies, Inc.","breadcrumb":{"@id":"https:\/\/rfdrivethru.ca\/product\/16-camera-ip-network-video-recorder-4-tb-storage\/#breadcrumb"},"inLanguage":"fr-CA","potentialAction":[{"@type":"ReadAction","target":["https:\/\/rfdrivethru.ca\/product\/16-camera-ip-network-video-recorder-4-tb-storage\/"]}]},{"@type":"ImageObject","inLanguage":"fr-CA","@id":"https:\/\/rfdrivethru.ca\/product\/16-camera-ip-network-video-recorder-4-tb-storage\/#primaryimage","url":"https:\/\/rfdrivethru.ca\/wp-content\/uploads\/2017\/05\/BD16NVR2U.png","contentUrl":"https:\/\/rfdrivethru.ca\/wp-content\/uploads\/2017\/05\/BD16NVR2U.png","width":659,"height":172},{"@type":"BreadcrumbList","@id":"https:\/\/rfdrivethru.ca\/product\/16-camera-ip-network-video-recorder-4-tb-storage\/#breadcrumb","itemListElement":[{"@type":"ListItem","position":1,"name":"Home","item":"https:\/\/rfdrivethru.ca\/"},{"@type":"ListItem","position":2,"name":"Shop","item":"https:\/\/rfdrivethru.ca\/shop\/"},{"@type":"ListItem","position":3,"name":"16 Camera IP Network Video Recorder (NVR) with 4TB Storage"}]},{"@type":"WebSite","@id":"https:\/\/rfdrivethru.ca\/#website","url":"https:\/\/rfdrivethru.ca\/","name":"R.F. Technologies, Inc.","description":"Canadian Restaurant Technology Solutions","publisher":{"@id":"https:\/\/rfdrivethru.ca\/#organization"},"potentialAction":[{"@type":"SearchAction","target":{"@type":"EntryPoint","urlTemplate":"https:\/\/rfdrivethru.ca\/?s={search_term_string}"},"query-input":{"@type":"PropertyValueSpecification","valueRequired":true,"valueName":"search_term_string"}}],"inLanguage":"fr-CA"},{"@type":"Organization","@id":"https:\/\/rfdrivethru.ca\/#organization","name":"RF Drive-Thru ULC","url":"https:\/\/rfdrivethru.ca\/","logo":{"@type":"ImageObject","inLanguage":"fr-CA","@id":"https:\/\/rfdrivethru.ca\/#\/schema\/logo\/image\/","url":"https:\/\/rfdrivethru.ca\/wp-content\/uploads\/2025\/08\/cropped-R.F.-Technologies-Inc_.png","contentUrl":"https:\/\/rfdrivethru.ca\/wp-content\/uploads\/2025\/08\/cropped-R.F.-Technologies-Inc_.png","width":512,"height":512,"caption":"RF Drive-Thru ULC"},"image":{"@id":"https:\/\/rfdrivethru.ca\/#\/schema\/logo\/image\/"}}]}},"_links":{"self":[{"href":"https:\/\/rfdrivethru.ca\/fr\/wp-json\/wp\/v2\/product\/737","targetHints":{"allow":["GET"]}}],"collection":[{"href":"https:\/\/rfdrivethru.ca\/fr\/wp-json\/wp\/v2\/product"}],"about":[{"href":"https:\/\/rfdrivethru.ca\/fr\/wp-json\/wp\/v2\/types\/product"}],"wp:featuredmedia":[{"embeddable":true,"href":"https:\/\/rfdrivethru.ca\/fr\/wp-json\/wp\/v2\/media\/30192"}],"wp:attachment":[{"href":"https:\/\/rfdrivethru.ca\/fr\/wp-json\/wp\/v2\/media?parent=737"}],"wp:term":[{"taxonomy":"product_brand","embeddable":true,"href":"https:\/\/rfdrivethru.ca\/fr\/wp-json\/wp\/v2\/product_brand?post=737"},{"taxonomy":"product_cat","embeddable":true,"href":"https:\/\/rfdrivethru.ca\/fr\/wp-json\/wp\/v2\/product_cat?post=737"},{"taxonomy":"product_tag","embeddable":true,"href":"https:\/\/rfdrivethru.ca\/fr\/wp-json\/wp\/v2\/product_tag?post=737"}],"curies":[{"name":"wp","href":"https:\/\/api.w.org\/{rel}","templated":true}]}}