{"id":550,"date":"2017-02-02T17:41:41","date_gmt":"2017-02-02T23:41:41","guid":{"rendered":"https:\/\/rftechnologies.wpengine.com\/product\/32-hd-camera-dvr\/"},"modified":"2026-01-15T14:25:12","modified_gmt":"2026-01-15T20:25:12","slug":"32-camera-hd-digital-video-recorder-8-tb-storage","status":"publish","type":"product","link":"https:\/\/rfdrivethru.ca\/fr\/product\/32-camera-hd-digital-video-recorder-8-tb-storage\/","title":{"rendered":"32 Camera HD Digital Video Recorder (DVR) with 8TB Storage"},"content":{"rendered":"<p>HD Digital Video Recorder (DVR) with 8TB Storage supports Surveillance Systems with up to 32 HD Cameras<\/p>\n<p>Big Dog HD Digital Surveillance offers competitive pricing on digital surveillance for your restaurant. Customized specifically for the restaurant industry, BDHD helps you minimize loss, improve safety and training, and protect profit. Monitor your team, anywhere at any time, with BDHD\u2019s remote access. With free 24\/7 technical support, and no contract, lease, or subscriptions, RF is your trusted source when it comes to security and digital surveillance.<\/p>\n<ul>\n<li>32-Channel Digital Video Recorder (DVR)<\/li>\n<li>Supports 1080P HD Cameras up to 2MP<\/li>\n<li>8TB HDD preinstalled (Support for up to 10 TB capacity HDDs &#8211; Max 4 HDD)<\/li>\n<li>Remote Access (must have an active internet connection)<\/li>\n<li>1.5U Rack Mountable Casing<\/li>\n<\/ul>\n<p>&nbsp;<\/p>\n<p><em><strong>*Toutes les commandes sp\u00e9ciales ont un d\u00e9lai de traitement suppl\u00e9mentaire de 5 \u00e0 10 jours ouvrables, quelle que soit la m\u00e9thode d'exp\u00e9dition choisie.<\/strong><\/em><\/p>\n<p><a class=\"button\" href=\"\/wp-content\/uploads\/2024\/06\/Big-Dog-BD32DVR2U-Spec-Sheet.pdf\" target=\"_blank\" rel=\"noopener\">Download Manual<\/a><\/p>","protected":false},"excerpt":{"rendered":"<p>HD Digital Video Recorder (DVR) with 8TB Storage supports Surveillance Systems with up to 32 HD Cameras<\/p>\n<p>Big Dog HD Digital Surveillance offers competitive pricing on digital surveillance for your restaurant. Customized specifically for the restaurant industry, BDHD helps you minimize loss, improve safety and training, and protect profit. Monitor your team, anywhere at any time, with BDHD\u2019s remote access. With free 24\/7 technical support, and no contract, lease, or subscriptions, RF is your trusted source when it comes to security and digital surveillance.<\/p>\n<ul>\n<li>32-Channel Digital Video Recorder (DVR)<\/li>\n<li>Supports 1080P HD Cameras up to 2MP<\/li>\n<li>8TB HDD preinstalled (Support for up to 10 TB capacity HDDs &#8211; Max 4 HDD)<\/li>\n<li>Remote Access (must have an active internet connection)<\/li>\n<li>1.5U Rack Mountable Casing<\/li>\n<\/ul>\n<p>&nbsp;<\/p>\n<p><em><strong>*Toutes les commandes sp\u00e9ciales ont un d\u00e9lai de traitement suppl\u00e9mentaire de 5 \u00e0 10 jours ouvrables, quelle que soit la m\u00e9thode d'exp\u00e9dition choisie.<\/strong><\/em><\/p>\n<p><a href=\"https:\/\/rfdrivethru.ca\/wp-content\/uploads\/2024\/06\/Big-Dog-BD32DVR2U-Spec-Sheet.pdf\" target=\"_blank\" rel=\"noopener\">Download Manual<\/a><\/p>","protected":false},"featured_media":30195,"template":"","meta":{"_acf_changed":false},"product_brand":[1057],"product_cat":[428],"product_tag":[],"class_list":{"0":"post-550","1":"product","2":"type-product","3":"status-publish","4":"has-post-thumbnail","6":"product_brand-big-dog-surveillance","7":"product_cat-big-dog-surveillance-accessories","8":"pa_brand-big-dog-surveillance","9":"pa_compatibility-hd-surveillance-systems","10":"pa_product_condition-53-new","11":"pa_product_type_custom-big-dog-surveillance-accessories","12":"pa_product_type_custom-big-dog-surveillance-video-recorders","14":"first","15":"instock","16":"taxable","17":"shipping-taxable","18":"product-type-simple"},"acf":[],"yoast_head":"<!-- This site is optimized with the Yoast SEO plugin v27.3 - https:\/\/yoast.com\/product\/yoast-seo-wordpress\/ -->\n<title>32 Camera HD Digital Video Recorder (DVR) with 8TB Storage<\/title>\n<meta name=\"description\" content=\"32 Camera HD Digital Video Recorder (DVR) with 8TB Storage for use with Big Dog Surveillance Systems. Sold by R.F. Technologies, Inc.\" \/>\n<meta name=\"robots\" content=\"index, follow, max-snippet:-1, max-image-preview:large, max-video-preview:-1\" \/>\n<link rel=\"canonical\" href=\"https:\/\/rfdrivethru.ca\/fr\/product\/32-camera-hd-digital-video-recorder-8-tb-storage\/\" \/>\n<meta property=\"og:locale\" content=\"fr_CA\" \/>\n<meta property=\"og:type\" content=\"article\" \/>\n<meta property=\"og:title\" content=\"32 Camera HD Digital Video Recorder (DVR) with 8TB Storage\" \/>\n<meta property=\"og:description\" content=\"32 Camera HD Digital Video Recorder (DVR) with 8TB Storage for use with Big Dog Surveillance Systems. Sold by R.F. Technologies, Inc.\" \/>\n<meta property=\"og:url\" content=\"https:\/\/rfdrivethru.ca\/fr\/product\/32-camera-hd-digital-video-recorder-8-tb-storage\/\" \/>\n<meta property=\"og:site_name\" content=\"RF Drive-Thru ULC\" \/>\n<meta property=\"article:modified_time\" content=\"2026-01-15T20:25:12+00:00\" \/>\n<meta property=\"og:image\" content=\"https:\/\/rfdrivethru.ca\/wp-content\/uploads\/2017\/02\/BD32DVR2U.png\" \/>\n\t<meta property=\"og:image:width\" content=\"610\" \/>\n\t<meta property=\"og:image:height\" content=\"104\" \/>\n\t<meta property=\"og:image:type\" content=\"image\/png\" \/>\n<meta name=\"twitter:card\" content=\"summary_large_image\" \/>\n<meta name=\"twitter:label1\" content=\"Est. reading time\" \/>\n\t<meta name=\"twitter:data1\" content=\"1 minute\" \/>\n<script type=\"application\/ld+json\" class=\"yoast-schema-graph\">{\"@context\":\"https:\\\/\\\/schema.org\",\"@graph\":[{\"@type\":\"WebPage\",\"@id\":\"https:\\\/\\\/rfdrivethru.ca\\\/product\\\/32-camera-hd-digital-video-recorder-8-tb-storage\\\/\",\"url\":\"https:\\\/\\\/rfdrivethru.ca\\\/product\\\/32-camera-hd-digital-video-recorder-8-tb-storage\\\/\",\"name\":\"32 Camera HD Digital Video Recorder (DVR) with 8TB Storage\",\"isPartOf\":{\"@id\":\"https:\\\/\\\/rfdrivethru.ca\\\/#website\"},\"primaryImageOfPage\":{\"@id\":\"https:\\\/\\\/rfdrivethru.ca\\\/product\\\/32-camera-hd-digital-video-recorder-8-tb-storage\\\/#primaryimage\"},\"image\":{\"@id\":\"https:\\\/\\\/rfdrivethru.ca\\\/product\\\/32-camera-hd-digital-video-recorder-8-tb-storage\\\/#primaryimage\"},\"thumbnailUrl\":\"https:\\\/\\\/rfdrivethru.ca\\\/wp-content\\\/uploads\\\/2017\\\/02\\\/BD32DVR2U.png\",\"datePublished\":\"2017-02-02T23:41:41+00:00\",\"dateModified\":\"2026-01-15T20:25:12+00:00\",\"description\":\"32 Camera HD Digital Video Recorder (DVR) with 8TB Storage for use with Big Dog Surveillance Systems. Sold by R.F. Technologies, Inc.\",\"breadcrumb\":{\"@id\":\"https:\\\/\\\/rfdrivethru.ca\\\/product\\\/32-camera-hd-digital-video-recorder-8-tb-storage\\\/#breadcrumb\"},\"inLanguage\":\"fr-CA\",\"potentialAction\":[{\"@type\":\"ReadAction\",\"target\":[\"https:\\\/\\\/rfdrivethru.ca\\\/product\\\/32-camera-hd-digital-video-recorder-8-tb-storage\\\/\"]}]},{\"@type\":\"ImageObject\",\"inLanguage\":\"fr-CA\",\"@id\":\"https:\\\/\\\/rfdrivethru.ca\\\/product\\\/32-camera-hd-digital-video-recorder-8-tb-storage\\\/#primaryimage\",\"url\":\"https:\\\/\\\/rfdrivethru.ca\\\/wp-content\\\/uploads\\\/2017\\\/02\\\/BD32DVR2U.png\",\"contentUrl\":\"https:\\\/\\\/rfdrivethru.ca\\\/wp-content\\\/uploads\\\/2017\\\/02\\\/BD32DVR2U.png\",\"width\":610,\"height\":104},{\"@type\":\"BreadcrumbList\",\"@id\":\"https:\\\/\\\/rfdrivethru.ca\\\/product\\\/32-camera-hd-digital-video-recorder-8-tb-storage\\\/#breadcrumb\",\"itemListElement\":[{\"@type\":\"ListItem\",\"position\":1,\"name\":\"Home\",\"item\":\"https:\\\/\\\/rfdrivethru.ca\\\/\"},{\"@type\":\"ListItem\",\"position\":2,\"name\":\"Shop\",\"item\":\"https:\\\/\\\/rfdrivethru.ca\\\/shop\\\/\"},{\"@type\":\"ListItem\",\"position\":3,\"name\":\"32 Camera HD Digital Video Recorder (DVR) with 8TB Storage\"}]},{\"@type\":\"WebSite\",\"@id\":\"https:\\\/\\\/rfdrivethru.ca\\\/#website\",\"url\":\"https:\\\/\\\/rfdrivethru.ca\\\/\",\"name\":\"R.F. Technologies, Inc.\",\"description\":\"Canadian Restaurant Technology Solutions\",\"publisher\":{\"@id\":\"https:\\\/\\\/rfdrivethru.ca\\\/#organization\"},\"potentialAction\":[{\"@type\":\"SearchAction\",\"target\":{\"@type\":\"EntryPoint\",\"urlTemplate\":\"https:\\\/\\\/rfdrivethru.ca\\\/?s={search_term_string}\"},\"query-input\":{\"@type\":\"PropertyValueSpecification\",\"valueRequired\":true,\"valueName\":\"search_term_string\"}}],\"inLanguage\":\"fr-CA\"},{\"@type\":\"Organization\",\"@id\":\"https:\\\/\\\/rfdrivethru.ca\\\/#organization\",\"name\":\"RF Drive-Thru ULC\",\"url\":\"https:\\\/\\\/rfdrivethru.ca\\\/\",\"logo\":{\"@type\":\"ImageObject\",\"inLanguage\":\"fr-CA\",\"@id\":\"https:\\\/\\\/rfdrivethru.ca\\\/#\\\/schema\\\/logo\\\/image\\\/\",\"url\":\"https:\\\/\\\/rfdrivethru.ca\\\/wp-content\\\/uploads\\\/2025\\\/08\\\/cropped-R.F.-Technologies-Inc_.png\",\"contentUrl\":\"https:\\\/\\\/rfdrivethru.ca\\\/wp-content\\\/uploads\\\/2025\\\/08\\\/cropped-R.F.-Technologies-Inc_.png\",\"width\":512,\"height\":512,\"caption\":\"RF Drive-Thru ULC\"},\"image\":{\"@id\":\"https:\\\/\\\/rfdrivethru.ca\\\/#\\\/schema\\\/logo\\\/image\\\/\"}}]}<\/script>\n<!-- \/ Yoast SEO plugin. -->","yoast_head_json":{"title":"32 Camera HD Digital Video Recorder (DVR) with 8TB Storage","description":"32 Camera HD Digital Video Recorder (DVR) with 8TB Storage for use with Big Dog Surveillance Systems. Sold by R.F. Technologies, Inc.","robots":{"index":"index","follow":"follow","max-snippet":"max-snippet:-1","max-image-preview":"max-image-preview:large","max-video-preview":"max-video-preview:-1"},"canonical":"https:\/\/rfdrivethru.ca\/fr\/product\/32-camera-hd-digital-video-recorder-8-tb-storage\/","og_locale":"fr_CA","og_type":"article","og_title":"32 Camera HD Digital Video Recorder (DVR) with 8TB Storage","og_description":"32 Camera HD Digital Video Recorder (DVR) with 8TB Storage for use with Big Dog Surveillance Systems. Sold by R.F. Technologies, Inc.","og_url":"https:\/\/rfdrivethru.ca\/fr\/product\/32-camera-hd-digital-video-recorder-8-tb-storage\/","og_site_name":"RF Drive-Thru ULC","article_modified_time":"2026-01-15T20:25:12+00:00","og_image":[{"width":610,"height":104,"url":"https:\/\/rfdrivethru.ca\/wp-content\/uploads\/2017\/02\/BD32DVR2U.png","type":"image\/png"}],"twitter_card":"summary_large_image","twitter_misc":{"Est. reading time":"1 minute"},"schema":{"@context":"https:\/\/schema.org","@graph":[{"@type":"WebPage","@id":"https:\/\/rfdrivethru.ca\/product\/32-camera-hd-digital-video-recorder-8-tb-storage\/","url":"https:\/\/rfdrivethru.ca\/product\/32-camera-hd-digital-video-recorder-8-tb-storage\/","name":"32 Camera HD Digital Video Recorder (DVR) with 8TB Storage","isPartOf":{"@id":"https:\/\/rfdrivethru.ca\/#website"},"primaryImageOfPage":{"@id":"https:\/\/rfdrivethru.ca\/product\/32-camera-hd-digital-video-recorder-8-tb-storage\/#primaryimage"},"image":{"@id":"https:\/\/rfdrivethru.ca\/product\/32-camera-hd-digital-video-recorder-8-tb-storage\/#primaryimage"},"thumbnailUrl":"https:\/\/rfdrivethru.ca\/wp-content\/uploads\/2017\/02\/BD32DVR2U.png","datePublished":"2017-02-02T23:41:41+00:00","dateModified":"2026-01-15T20:25:12+00:00","description":"32 Camera HD Digital Video Recorder (DVR) with 8TB Storage for use with Big Dog Surveillance Systems. Sold by R.F. Technologies, Inc.","breadcrumb":{"@id":"https:\/\/rfdrivethru.ca\/product\/32-camera-hd-digital-video-recorder-8-tb-storage\/#breadcrumb"},"inLanguage":"fr-CA","potentialAction":[{"@type":"ReadAction","target":["https:\/\/rfdrivethru.ca\/product\/32-camera-hd-digital-video-recorder-8-tb-storage\/"]}]},{"@type":"ImageObject","inLanguage":"fr-CA","@id":"https:\/\/rfdrivethru.ca\/product\/32-camera-hd-digital-video-recorder-8-tb-storage\/#primaryimage","url":"https:\/\/rfdrivethru.ca\/wp-content\/uploads\/2017\/02\/BD32DVR2U.png","contentUrl":"https:\/\/rfdrivethru.ca\/wp-content\/uploads\/2017\/02\/BD32DVR2U.png","width":610,"height":104},{"@type":"BreadcrumbList","@id":"https:\/\/rfdrivethru.ca\/product\/32-camera-hd-digital-video-recorder-8-tb-storage\/#breadcrumb","itemListElement":[{"@type":"ListItem","position":1,"name":"Home","item":"https:\/\/rfdrivethru.ca\/"},{"@type":"ListItem","position":2,"name":"Shop","item":"https:\/\/rfdrivethru.ca\/shop\/"},{"@type":"ListItem","position":3,"name":"32 Camera HD Digital Video Recorder (DVR) with 8TB Storage"}]},{"@type":"WebSite","@id":"https:\/\/rfdrivethru.ca\/#website","url":"https:\/\/rfdrivethru.ca\/","name":"R.F. Technologies, Inc.","description":"Canadian Restaurant Technology Solutions","publisher":{"@id":"https:\/\/rfdrivethru.ca\/#organization"},"potentialAction":[{"@type":"SearchAction","target":{"@type":"EntryPoint","urlTemplate":"https:\/\/rfdrivethru.ca\/?s={search_term_string}"},"query-input":{"@type":"PropertyValueSpecification","valueRequired":true,"valueName":"search_term_string"}}],"inLanguage":"fr-CA"},{"@type":"Organization","@id":"https:\/\/rfdrivethru.ca\/#organization","name":"RF Drive-Thru ULC","url":"https:\/\/rfdrivethru.ca\/","logo":{"@type":"ImageObject","inLanguage":"fr-CA","@id":"https:\/\/rfdrivethru.ca\/#\/schema\/logo\/image\/","url":"https:\/\/rfdrivethru.ca\/wp-content\/uploads\/2025\/08\/cropped-R.F.-Technologies-Inc_.png","contentUrl":"https:\/\/rfdrivethru.ca\/wp-content\/uploads\/2025\/08\/cropped-R.F.-Technologies-Inc_.png","width":512,"height":512,"caption":"RF Drive-Thru ULC"},"image":{"@id":"https:\/\/rfdrivethru.ca\/#\/schema\/logo\/image\/"}}]}},"_links":{"self":[{"href":"https:\/\/rfdrivethru.ca\/fr\/wp-json\/wp\/v2\/product\/550","targetHints":{"allow":["GET"]}}],"collection":[{"href":"https:\/\/rfdrivethru.ca\/fr\/wp-json\/wp\/v2\/product"}],"about":[{"href":"https:\/\/rfdrivethru.ca\/fr\/wp-json\/wp\/v2\/types\/product"}],"wp:featuredmedia":[{"embeddable":true,"href":"https:\/\/rfdrivethru.ca\/fr\/wp-json\/wp\/v2\/media\/30195"}],"wp:attachment":[{"href":"https:\/\/rfdrivethru.ca\/fr\/wp-json\/wp\/v2\/media?parent=550"}],"wp:term":[{"taxonomy":"product_brand","embeddable":true,"href":"https:\/\/rfdrivethru.ca\/fr\/wp-json\/wp\/v2\/product_brand?post=550"},{"taxonomy":"product_cat","embeddable":true,"href":"https:\/\/rfdrivethru.ca\/fr\/wp-json\/wp\/v2\/product_cat?post=550"},{"taxonomy":"product_tag","embeddable":true,"href":"https:\/\/rfdrivethru.ca\/fr\/wp-json\/wp\/v2\/product_tag?post=550"}],"curies":[{"name":"wp","href":"https:\/\/api.w.org\/{rel}","templated":true}]}}