{"id":30240,"date":"2024-06-24T10:55:08","date_gmt":"2024-06-24T15:55:08","guid":{"rendered":"https:\/\/rfdrivethru.ca\/?post_type=product&#038;p=30240"},"modified":"2025-07-11T07:25:00","modified_gmt":"2025-07-11T12:25:00","slug":"ip-ptz-2k-pro-4mp-4x-optical-zoom-surveillance-camera","status":"publish","type":"product","link":"https:\/\/rfdrivethru.ca\/fr\/product\/ip-ptz-2k-pro-4mp-4x-optical-zoom-surveillance-camera\/","title":{"rendered":"IP PTZ 2K Pro 4MP 4x Optical Zoom Surveillance Camera"},"content":{"rendered":"<p>2K 4MP HD IP Network Pan-Tilt-Zoom Surveillance Camera for use with Big Dog HD IP NVRs and Systems.<\/p>\n<ul>\n<li>2K (4MP) High Resolution 1\/3&#8243; CMOS Sensor<\/li>\n<li>High-Intensity Matrix IR LED for Night Vision up to 20m (66ft)<\/li>\n<li>2.8mm-12mm Varifocal Lens for a wide range of view<\/li>\n<li>0\u00b0 &#8211; 330\u00b0 Pan, 0\u00b0 &#8211; 90\u00b0 Tilt, 4x optical zoom, 16x digital zoom<\/li>\n<li>IP67 Outdoor Weatherproof Rating with Sturdy Metal Construction<\/li>\n<li>IK10 Vandal Proof<\/li>\n<li>Compatible with Big Dog NVRs (may be compatible with other NVRs)<\/li>\n<\/ul>\n<p>&nbsp;<\/p>\n<p><strong><em>*Toutes les commandes sp\u00e9ciales ont un d\u00e9lai de traitement suppl\u00e9mentaire de 5 \u00e0 10 jours ouvrables, quelle que soit la m\u00e9thode d'exp\u00e9dition choisie.<\/em><\/strong><\/p>\n<p><a class=\"button\" href=\"\/wp-content\/uploads\/2024\/06\/Big-Dog-CIPZ4IR28-120-Spec-Sheet.pdf\" target=\"_blank\" rel=\"noopener\">Download Manual<\/a><\/p>","protected":false},"excerpt":{"rendered":"<p>2K 4MP HD IP Network Pan-Tilt-Zoom Surveillance Camera for use with Big Dog HD IP NVRs and Systems.<\/p>\n<ul>\n<li>2K (4MP) High Resolution 1\/3&#8243; CMOS Sensor<\/li>\n<li>High-Intensity Matrix IR LED for Night Vision up to 20m (66ft)<\/li>\n<li>2.8mm-12mm Varifocal Lens for a wide range of view<\/li>\n<li>0\u00b0 &#8211; 330\u00b0 Pan, 0\u00b0 &#8211; 90\u00b0 Tilt, 4x optical zoom, 16x digital zoom<\/li>\n<li>IP67 Outdoor Weatherproof Rating with Sturdy Metal Construction<\/li>\n<li>IK10 Vandal Proof<\/li>\n<li>Compatible with Big Dog NVRs (may be compatible with other NVRs)<\/li>\n<\/ul>\n<p>&nbsp;<\/p>\n<p><strong><em>*Toutes les commandes sp\u00e9ciales ont un d\u00e9lai de traitement suppl\u00e9mentaire de 5 \u00e0 10 jours ouvrables, quelle que soit la m\u00e9thode d'exp\u00e9dition choisie.<\/em><\/strong><\/p>\n<p><a href=\"https:\/\/rfdrivethru.ca\/wp-content\/uploads\/2024\/06\/Big-Dog-CIPZ4IR28-120-Spec-Sheet.pdf\" target=\"_blank\" rel=\"noopener\">Download Manual<\/a><\/p>","protected":false},"featured_media":30242,"template":"","meta":{"_acf_changed":false},"product_brand":[1057],"product_cat":[424],"product_tag":[],"class_list":{"0":"post-30240","1":"product","2":"type-product","3":"status-publish","4":"has-post-thumbnail","6":"product_brand-big-dog-surveillance","7":"product_cat-big-dog-surveillance-cameras","8":"pa_brand-big-dog-surveillance","9":"pa_compatibility-ip-surveillance-systems","10":"pa_product_condition-53-new","11":"pa_product_type_custom-big-dog-cameras","12":"pa_product_type_custom-big-dog-surveillance-accessories","14":"first","15":"instock","16":"taxable","17":"shipping-taxable","18":"product-type-simple"},"acf":[],"yoast_head":"<!-- This site is optimized with the Yoast SEO plugin v27.3 - https:\/\/yoast.com\/product\/yoast-seo-wordpress\/ -->\n<title>IP PTZ 2K Pro 4MP 4x Optical Zoom Surveillance Camera<\/title>\n<meta name=\"description\" content=\"Big Dog IP PTZ 2K Pro 4MP 4x Optical Zoom Surveillance Camera\" \/>\n<meta name=\"robots\" content=\"index, follow, max-snippet:-1, max-image-preview:large, max-video-preview:-1\" \/>\n<link rel=\"canonical\" href=\"https:\/\/rfdrivethru.ca\/fr\/product\/ip-ptz-2k-pro-4mp-4x-optical-zoom-surveillance-camera\/\" \/>\n<meta property=\"og:locale\" content=\"fr_CA\" \/>\n<meta property=\"og:type\" content=\"article\" \/>\n<meta property=\"og:title\" content=\"IP PTZ 2K Pro 4MP 4x Optical Zoom Surveillance Camera\" \/>\n<meta property=\"og:description\" content=\"Big Dog IP PTZ 2K Pro 4MP 4x Optical Zoom Surveillance Camera\" \/>\n<meta property=\"og:url\" content=\"https:\/\/rfdrivethru.ca\/fr\/product\/ip-ptz-2k-pro-4mp-4x-optical-zoom-surveillance-camera\/\" \/>\n<meta property=\"og:site_name\" content=\"RF Drive-Thru ULC\" \/>\n<meta property=\"article:modified_time\" content=\"2025-07-11T12:25:00+00:00\" \/>\n<meta property=\"og:image\" content=\"https:\/\/rfdrivethru.ca\/wp-content\/uploads\/2024\/06\/CIPZ4IR28-120.png\" \/>\n\t<meta property=\"og:image:width\" content=\"700\" \/>\n\t<meta property=\"og:image:height\" content=\"700\" \/>\n\t<meta property=\"og:image:type\" content=\"image\/png\" \/>\n<meta name=\"twitter:card\" content=\"summary_large_image\" \/>\n<meta name=\"twitter:label1\" content=\"Est. reading time\" \/>\n\t<meta name=\"twitter:data1\" content=\"1 minute\" \/>\n<script type=\"application\/ld+json\" class=\"yoast-schema-graph\">{\"@context\":\"https:\\\/\\\/schema.org\",\"@graph\":[{\"@type\":\"WebPage\",\"@id\":\"https:\\\/\\\/rfdrivethru.ca\\\/product\\\/ip-ptz-2k-pro-4mp-4x-optical-zoom-surveillance-camera\\\/\",\"url\":\"https:\\\/\\\/rfdrivethru.ca\\\/product\\\/ip-ptz-2k-pro-4mp-4x-optical-zoom-surveillance-camera\\\/\",\"name\":\"IP PTZ 2K Pro 4MP 4x Optical Zoom Surveillance Camera\",\"isPartOf\":{\"@id\":\"https:\\\/\\\/rfdrivethru.ca\\\/#website\"},\"primaryImageOfPage\":{\"@id\":\"https:\\\/\\\/rfdrivethru.ca\\\/product\\\/ip-ptz-2k-pro-4mp-4x-optical-zoom-surveillance-camera\\\/#primaryimage\"},\"image\":{\"@id\":\"https:\\\/\\\/rfdrivethru.ca\\\/product\\\/ip-ptz-2k-pro-4mp-4x-optical-zoom-surveillance-camera\\\/#primaryimage\"},\"thumbnailUrl\":\"https:\\\/\\\/rfdrivethru.ca\\\/wp-content\\\/uploads\\\/2024\\\/06\\\/CIPZ4IR28-120.png\",\"datePublished\":\"2024-06-24T15:55:08+00:00\",\"dateModified\":\"2025-07-11T12:25:00+00:00\",\"description\":\"Big Dog IP PTZ 2K Pro 4MP 4x Optical Zoom Surveillance Camera\",\"breadcrumb\":{\"@id\":\"https:\\\/\\\/rfdrivethru.ca\\\/product\\\/ip-ptz-2k-pro-4mp-4x-optical-zoom-surveillance-camera\\\/#breadcrumb\"},\"inLanguage\":\"fr-CA\",\"potentialAction\":[{\"@type\":\"ReadAction\",\"target\":[\"https:\\\/\\\/rfdrivethru.ca\\\/product\\\/ip-ptz-2k-pro-4mp-4x-optical-zoom-surveillance-camera\\\/\"]}]},{\"@type\":\"ImageObject\",\"inLanguage\":\"fr-CA\",\"@id\":\"https:\\\/\\\/rfdrivethru.ca\\\/product\\\/ip-ptz-2k-pro-4mp-4x-optical-zoom-surveillance-camera\\\/#primaryimage\",\"url\":\"https:\\\/\\\/rfdrivethru.ca\\\/wp-content\\\/uploads\\\/2024\\\/06\\\/CIPZ4IR28-120.png\",\"contentUrl\":\"https:\\\/\\\/rfdrivethru.ca\\\/wp-content\\\/uploads\\\/2024\\\/06\\\/CIPZ4IR28-120.png\",\"width\":700,\"height\":700},{\"@type\":\"BreadcrumbList\",\"@id\":\"https:\\\/\\\/rfdrivethru.ca\\\/product\\\/ip-ptz-2k-pro-4mp-4x-optical-zoom-surveillance-camera\\\/#breadcrumb\",\"itemListElement\":[{\"@type\":\"ListItem\",\"position\":1,\"name\":\"Home\",\"item\":\"https:\\\/\\\/rfdrivethru.ca\\\/\"},{\"@type\":\"ListItem\",\"position\":2,\"name\":\"Shop\",\"item\":\"https:\\\/\\\/rfdrivethru.ca\\\/shop\\\/\"},{\"@type\":\"ListItem\",\"position\":3,\"name\":\"IP PTZ 2K Pro 4MP 4x Optical Zoom Surveillance Camera\"}]},{\"@type\":\"WebSite\",\"@id\":\"https:\\\/\\\/rfdrivethru.ca\\\/#website\",\"url\":\"https:\\\/\\\/rfdrivethru.ca\\\/\",\"name\":\"R.F. Technologies, Inc.\",\"description\":\"Canadian Restaurant Technology Solutions\",\"publisher\":{\"@id\":\"https:\\\/\\\/rfdrivethru.ca\\\/#organization\"},\"potentialAction\":[{\"@type\":\"SearchAction\",\"target\":{\"@type\":\"EntryPoint\",\"urlTemplate\":\"https:\\\/\\\/rfdrivethru.ca\\\/?s={search_term_string}\"},\"query-input\":{\"@type\":\"PropertyValueSpecification\",\"valueRequired\":true,\"valueName\":\"search_term_string\"}}],\"inLanguage\":\"fr-CA\"},{\"@type\":\"Organization\",\"@id\":\"https:\\\/\\\/rfdrivethru.ca\\\/#organization\",\"name\":\"RF Drive-Thru ULC\",\"url\":\"https:\\\/\\\/rfdrivethru.ca\\\/\",\"logo\":{\"@type\":\"ImageObject\",\"inLanguage\":\"fr-CA\",\"@id\":\"https:\\\/\\\/rfdrivethru.ca\\\/#\\\/schema\\\/logo\\\/image\\\/\",\"url\":\"https:\\\/\\\/rfdrivethru.ca\\\/wp-content\\\/uploads\\\/2025\\\/08\\\/cropped-R.F.-Technologies-Inc_.png\",\"contentUrl\":\"https:\\\/\\\/rfdrivethru.ca\\\/wp-content\\\/uploads\\\/2025\\\/08\\\/cropped-R.F.-Technologies-Inc_.png\",\"width\":512,\"height\":512,\"caption\":\"RF Drive-Thru ULC\"},\"image\":{\"@id\":\"https:\\\/\\\/rfdrivethru.ca\\\/#\\\/schema\\\/logo\\\/image\\\/\"}}]}<\/script>\n<!-- \/ Yoast SEO plugin. -->","yoast_head_json":{"title":"IP PTZ 2K Pro 4MP 4x Optical Zoom Surveillance Camera","description":"Big Dog IP PTZ 2K Pro 4MP 4x Optical Zoom Surveillance Camera","robots":{"index":"index","follow":"follow","max-snippet":"max-snippet:-1","max-image-preview":"max-image-preview:large","max-video-preview":"max-video-preview:-1"},"canonical":"https:\/\/rfdrivethru.ca\/fr\/product\/ip-ptz-2k-pro-4mp-4x-optical-zoom-surveillance-camera\/","og_locale":"fr_CA","og_type":"article","og_title":"IP PTZ 2K Pro 4MP 4x Optical Zoom Surveillance Camera","og_description":"Big Dog IP PTZ 2K Pro 4MP 4x Optical Zoom Surveillance Camera","og_url":"https:\/\/rfdrivethru.ca\/fr\/product\/ip-ptz-2k-pro-4mp-4x-optical-zoom-surveillance-camera\/","og_site_name":"RF Drive-Thru ULC","article_modified_time":"2025-07-11T12:25:00+00:00","og_image":[{"width":700,"height":700,"url":"https:\/\/rfdrivethru.ca\/wp-content\/uploads\/2024\/06\/CIPZ4IR28-120.png","type":"image\/png"}],"twitter_card":"summary_large_image","twitter_misc":{"Est. reading time":"1 minute"},"schema":{"@context":"https:\/\/schema.org","@graph":[{"@type":"WebPage","@id":"https:\/\/rfdrivethru.ca\/product\/ip-ptz-2k-pro-4mp-4x-optical-zoom-surveillance-camera\/","url":"https:\/\/rfdrivethru.ca\/product\/ip-ptz-2k-pro-4mp-4x-optical-zoom-surveillance-camera\/","name":"IP PTZ 2K Pro 4MP 4x Optical Zoom Surveillance Camera","isPartOf":{"@id":"https:\/\/rfdrivethru.ca\/#website"},"primaryImageOfPage":{"@id":"https:\/\/rfdrivethru.ca\/product\/ip-ptz-2k-pro-4mp-4x-optical-zoom-surveillance-camera\/#primaryimage"},"image":{"@id":"https:\/\/rfdrivethru.ca\/product\/ip-ptz-2k-pro-4mp-4x-optical-zoom-surveillance-camera\/#primaryimage"},"thumbnailUrl":"https:\/\/rfdrivethru.ca\/wp-content\/uploads\/2024\/06\/CIPZ4IR28-120.png","datePublished":"2024-06-24T15:55:08+00:00","dateModified":"2025-07-11T12:25:00+00:00","description":"Big Dog IP PTZ 2K Pro 4MP 4x Optical Zoom Surveillance Camera","breadcrumb":{"@id":"https:\/\/rfdrivethru.ca\/product\/ip-ptz-2k-pro-4mp-4x-optical-zoom-surveillance-camera\/#breadcrumb"},"inLanguage":"fr-CA","potentialAction":[{"@type":"ReadAction","target":["https:\/\/rfdrivethru.ca\/product\/ip-ptz-2k-pro-4mp-4x-optical-zoom-surveillance-camera\/"]}]},{"@type":"ImageObject","inLanguage":"fr-CA","@id":"https:\/\/rfdrivethru.ca\/product\/ip-ptz-2k-pro-4mp-4x-optical-zoom-surveillance-camera\/#primaryimage","url":"https:\/\/rfdrivethru.ca\/wp-content\/uploads\/2024\/06\/CIPZ4IR28-120.png","contentUrl":"https:\/\/rfdrivethru.ca\/wp-content\/uploads\/2024\/06\/CIPZ4IR28-120.png","width":700,"height":700},{"@type":"BreadcrumbList","@id":"https:\/\/rfdrivethru.ca\/product\/ip-ptz-2k-pro-4mp-4x-optical-zoom-surveillance-camera\/#breadcrumb","itemListElement":[{"@type":"ListItem","position":1,"name":"Home","item":"https:\/\/rfdrivethru.ca\/"},{"@type":"ListItem","position":2,"name":"Shop","item":"https:\/\/rfdrivethru.ca\/shop\/"},{"@type":"ListItem","position":3,"name":"IP PTZ 2K Pro 4MP 4x Optical Zoom Surveillance Camera"}]},{"@type":"WebSite","@id":"https:\/\/rfdrivethru.ca\/#website","url":"https:\/\/rfdrivethru.ca\/","name":"R.F. Technologies, Inc.","description":"Canadian Restaurant Technology Solutions","publisher":{"@id":"https:\/\/rfdrivethru.ca\/#organization"},"potentialAction":[{"@type":"SearchAction","target":{"@type":"EntryPoint","urlTemplate":"https:\/\/rfdrivethru.ca\/?s={search_term_string}"},"query-input":{"@type":"PropertyValueSpecification","valueRequired":true,"valueName":"search_term_string"}}],"inLanguage":"fr-CA"},{"@type":"Organization","@id":"https:\/\/rfdrivethru.ca\/#organization","name":"RF Drive-Thru ULC","url":"https:\/\/rfdrivethru.ca\/","logo":{"@type":"ImageObject","inLanguage":"fr-CA","@id":"https:\/\/rfdrivethru.ca\/#\/schema\/logo\/image\/","url":"https:\/\/rfdrivethru.ca\/wp-content\/uploads\/2025\/08\/cropped-R.F.-Technologies-Inc_.png","contentUrl":"https:\/\/rfdrivethru.ca\/wp-content\/uploads\/2025\/08\/cropped-R.F.-Technologies-Inc_.png","width":512,"height":512,"caption":"RF Drive-Thru ULC"},"image":{"@id":"https:\/\/rfdrivethru.ca\/#\/schema\/logo\/image\/"}}]}},"_links":{"self":[{"href":"https:\/\/rfdrivethru.ca\/fr\/wp-json\/wp\/v2\/product\/30240","targetHints":{"allow":["GET"]}}],"collection":[{"href":"https:\/\/rfdrivethru.ca\/fr\/wp-json\/wp\/v2\/product"}],"about":[{"href":"https:\/\/rfdrivethru.ca\/fr\/wp-json\/wp\/v2\/types\/product"}],"wp:featuredmedia":[{"embeddable":true,"href":"https:\/\/rfdrivethru.ca\/fr\/wp-json\/wp\/v2\/media\/30242"}],"wp:attachment":[{"href":"https:\/\/rfdrivethru.ca\/fr\/wp-json\/wp\/v2\/media?parent=30240"}],"wp:term":[{"taxonomy":"product_brand","embeddable":true,"href":"https:\/\/rfdrivethru.ca\/fr\/wp-json\/wp\/v2\/product_brand?post=30240"},{"taxonomy":"product_cat","embeddable":true,"href":"https:\/\/rfdrivethru.ca\/fr\/wp-json\/wp\/v2\/product_cat?post=30240"},{"taxonomy":"product_tag","embeddable":true,"href":"https:\/\/rfdrivethru.ca\/fr\/wp-json\/wp\/v2\/product_tag?post=30240"}],"curies":[{"name":"wp","href":"https:\/\/api.w.org\/{rel}","templated":true}]}}