{"id":30222,"date":"2024-06-21T14:44:20","date_gmt":"2024-06-21T19:44:20","guid":{"rendered":"https:\/\/rfdrivethru.ca\/?post_type=product&#038;p=30222"},"modified":"2025-07-11T07:26:28","modified_gmt":"2025-07-11T12:26:28","slug":"ip-sentry-4mp-2k-vandal-dome-surveillance-camera","status":"publish","type":"product","link":"https:\/\/rfdrivethru.ca\/fr\/product\/ip-sentry-4mp-2k-vandal-dome-surveillance-camera\/","title":{"rendered":"IP Sentry 4MP 2K Vandal Dome Surveillance Camera"},"content":{"rendered":"<p>IP Sentry 4MP 2K Vandal Dome Surveillance Camera for use with Big Dog HD IP NVRs and systems.<\/p>\n<ul>\n<li>4MP HD IP Network 100\u00b0 Field of View Surveillance Camera<\/li>\n<li>2K (4MP) High Resolution 1\/3&#8243; CMOS Sensor<\/li>\n<li>High-Intensity Matrix IR LED for Night Vision up to 30m (98ft)<\/li>\n<li>2.8mm Fixed Wide Angle Lens for Crystal Clear Focus &#8211; No Adjustment Required<\/li>\n<li>IP67 Outdoor Weatherproof Rating with Sturdy Metal Construction<\/li>\n<li>IK10 Impact Resistance<\/li>\n<li>Built-in microphone for real-time audio security<\/li>\n<li>Compatible with Big Dog NVRs (may be compatible with other brand NVRs)<\/li>\n<\/ul>\n<p>&nbsp;<\/p>\n<p>Compatible Mounts: <a href=\"https:\/\/rfdrivethru.ca\/fr\/product\/hd-sentry-ip-sentry-junction-box\/\">RFB347<\/a>, <a href=\"https:\/\/rfdrivethru.ca\/fr\/product\/hd-sentry-ip-sentry-series-pendant-mount\/\">RFB376<\/a>, <a href=\"https:\/\/rfdrivethru.ca\/fr\/product\/hd-sentry-ip-sentry-metal-wall-mount\/\">RFB342-110<\/a>, <a href=\"https:\/\/rfdrivethru.ca\/fr\/product\/hd-sentry-ip-sentry-plastic-wall-mount\/\">RFB348<\/a><\/p>\n<p><strong><em>*Toutes les commandes sp\u00e9ciales ont un d\u00e9lai de traitement suppl\u00e9mentaire de 5 \u00e0 10 jours ouvrables, quelle que soit la m\u00e9thode d'exp\u00e9dition choisie.<\/em><\/strong><\/p>\n<p><a class=\"button\" href=\"\/wp-content\/uploads\/2024\/06\/Big-Dog-CIPV4IR28-Spec-Sheet.pdf\" target=\"_blank\" rel=\"noopener\">Download Manual<\/a><\/p>","protected":false},"excerpt":{"rendered":"<p>IP Sentry 4MP 2K Vandal Dome Surveillance Camera for use with Big Dog HD IP NVRs and systems.<\/p>\n<ul>\n<li>4MP HD IP Network 100\u00b0 Field of View Surveillance Camera<\/li>\n<li>2K (4MP) High Resolution 1\/3&#8243; CMOS Sensor<\/li>\n<li>High-Intensity Matrix IR LED for Night Vision up to 30m (98ft)<\/li>\n<li>2.8mm Fixed Wide Angle Lens for Crystal Clear Focus &#8211; No Adjustment Required<\/li>\n<li>IP67 Outdoor Weatherproof Rating with Sturdy Metal Construction<\/li>\n<li>IK10 Impact Resistance<\/li>\n<li>Built-in microphone for real-time audio security<\/li>\n<li>Compatible with Big Dog NVRs (may be compatible with other brand NVRs)<\/li>\n<\/ul>\n<p>&nbsp;<\/p>\n<p>Compatible Mounts: <a href=\"https:\/\/rfdrivethru.ca\/fr\/product\/hd-sentry-ip-sentry-junction-box\/\">RFB347<\/a>, <a href=\"https:\/\/rfdrivethru.ca\/fr\/product\/hd-sentry-ip-sentry-series-pendant-mount\/\">RFB376<\/a>, <a href=\"https:\/\/rfdrivethru.ca\/fr\/product\/hd-sentry-ip-sentry-metal-wall-mount\/\">RFB342-110<\/a>, <a href=\"https:\/\/rfdrivethru.ca\/fr\/product\/hd-sentry-ip-sentry-plastic-wall-mount\/\">RFB348<\/a><\/p>\n<p><strong><em>*Toutes les commandes sp\u00e9ciales ont un d\u00e9lai de traitement suppl\u00e9mentaire de 5 \u00e0 10 jours ouvrables, quelle que soit la m\u00e9thode d'exp\u00e9dition choisie.<\/em><\/strong><\/p>\n<p><a href=\"https:\/\/rfdrivethru.ca\/wp-content\/uploads\/2024\/06\/Big-Dog-CIPV4IR28-Spec-Sheet.pdf\" target=\"_blank\" rel=\"noopener\">Download Manual<\/a><\/p>","protected":false},"featured_media":30219,"template":"","meta":{"_acf_changed":false},"product_brand":[1057],"product_cat":[424],"product_tag":[],"class_list":{"0":"post-30222","1":"product","2":"type-product","3":"status-publish","4":"has-post-thumbnail","6":"product_brand-big-dog-surveillance","7":"product_cat-big-dog-surveillance-cameras","8":"pa_brand-big-dog-surveillance","9":"pa_compatibility-ip-surveillance-systems","10":"pa_product_condition-53-new","11":"pa_product_type_custom-big-dog-cameras","12":"pa_product_type_custom-big-dog-surveillance-accessories","14":"first","15":"instock","16":"taxable","17":"shipping-taxable","18":"product-type-simple"},"acf":[],"yoast_head":"<!-- This site is optimized with the Yoast SEO plugin v27.3 - https:\/\/yoast.com\/product\/yoast-seo-wordpress\/ -->\n<title>IP Sentry 4MP 2K Vandal Dome Surveillance Camera<\/title>\n<meta name=\"description\" content=\"Big Dog Surveillance IP Sentry 4MP 2K Vandal Dome Surveillance Camera sold by R.F. Technologies, Inc.\" \/>\n<meta name=\"robots\" content=\"index, follow, max-snippet:-1, max-image-preview:large, max-video-preview:-1\" \/>\n<link rel=\"canonical\" href=\"https:\/\/rfdrivethru.ca\/fr\/product\/ip-sentry-4mp-2k-vandal-dome-surveillance-camera\/\" \/>\n<meta property=\"og:locale\" content=\"fr_CA\" \/>\n<meta property=\"og:type\" content=\"article\" \/>\n<meta property=\"og:title\" content=\"IP Sentry 4MP 2K Vandal Dome Surveillance Camera\" \/>\n<meta property=\"og:description\" content=\"Big Dog Surveillance IP Sentry 4MP 2K Vandal Dome Surveillance Camera sold by R.F. Technologies, Inc.\" \/>\n<meta property=\"og:url\" content=\"https:\/\/rfdrivethru.ca\/fr\/product\/ip-sentry-4mp-2k-vandal-dome-surveillance-camera\/\" \/>\n<meta property=\"og:site_name\" content=\"RF Drive-Thru ULC\" \/>\n<meta property=\"article:modified_time\" content=\"2025-07-11T12:26:28+00:00\" \/>\n<meta property=\"og:image\" content=\"https:\/\/rfdrivethru.ca\/wp-content\/uploads\/2024\/06\/CIPV4IR28.png\" \/>\n\t<meta property=\"og:image:width\" content=\"1076\" \/>\n\t<meta property=\"og:image:height\" content=\"896\" \/>\n\t<meta property=\"og:image:type\" content=\"image\/png\" \/>\n<meta name=\"twitter:card\" content=\"summary_large_image\" \/>\n<meta name=\"twitter:label1\" content=\"Est. reading time\" \/>\n\t<meta name=\"twitter:data1\" content=\"1 minute\" \/>\n<script type=\"application\/ld+json\" class=\"yoast-schema-graph\">{\"@context\":\"https:\\\/\\\/schema.org\",\"@graph\":[{\"@type\":\"WebPage\",\"@id\":\"https:\\\/\\\/rfdrivethru.ca\\\/product\\\/ip-sentry-4mp-2k-vandal-dome-surveillance-camera\\\/\",\"url\":\"https:\\\/\\\/rfdrivethru.ca\\\/product\\\/ip-sentry-4mp-2k-vandal-dome-surveillance-camera\\\/\",\"name\":\"IP Sentry 4MP 2K Vandal Dome Surveillance Camera\",\"isPartOf\":{\"@id\":\"https:\\\/\\\/rfdrivethru.ca\\\/#website\"},\"primaryImageOfPage\":{\"@id\":\"https:\\\/\\\/rfdrivethru.ca\\\/product\\\/ip-sentry-4mp-2k-vandal-dome-surveillance-camera\\\/#primaryimage\"},\"image\":{\"@id\":\"https:\\\/\\\/rfdrivethru.ca\\\/product\\\/ip-sentry-4mp-2k-vandal-dome-surveillance-camera\\\/#primaryimage\"},\"thumbnailUrl\":\"https:\\\/\\\/rfdrivethru.ca\\\/wp-content\\\/uploads\\\/2024\\\/06\\\/CIPV4IR28.png\",\"datePublished\":\"2024-06-21T19:44:20+00:00\",\"dateModified\":\"2025-07-11T12:26:28+00:00\",\"description\":\"Big Dog Surveillance IP Sentry 4MP 2K Vandal Dome Surveillance Camera sold by R.F. Technologies, Inc.\",\"breadcrumb\":{\"@id\":\"https:\\\/\\\/rfdrivethru.ca\\\/product\\\/ip-sentry-4mp-2k-vandal-dome-surveillance-camera\\\/#breadcrumb\"},\"inLanguage\":\"fr-CA\",\"potentialAction\":[{\"@type\":\"ReadAction\",\"target\":[\"https:\\\/\\\/rfdrivethru.ca\\\/product\\\/ip-sentry-4mp-2k-vandal-dome-surveillance-camera\\\/\"]}]},{\"@type\":\"ImageObject\",\"inLanguage\":\"fr-CA\",\"@id\":\"https:\\\/\\\/rfdrivethru.ca\\\/product\\\/ip-sentry-4mp-2k-vandal-dome-surveillance-camera\\\/#primaryimage\",\"url\":\"https:\\\/\\\/rfdrivethru.ca\\\/wp-content\\\/uploads\\\/2024\\\/06\\\/CIPV4IR28.png\",\"contentUrl\":\"https:\\\/\\\/rfdrivethru.ca\\\/wp-content\\\/uploads\\\/2024\\\/06\\\/CIPV4IR28.png\",\"width\":1076,\"height\":896},{\"@type\":\"BreadcrumbList\",\"@id\":\"https:\\\/\\\/rfdrivethru.ca\\\/product\\\/ip-sentry-4mp-2k-vandal-dome-surveillance-camera\\\/#breadcrumb\",\"itemListElement\":[{\"@type\":\"ListItem\",\"position\":1,\"name\":\"Home\",\"item\":\"https:\\\/\\\/rfdrivethru.ca\\\/\"},{\"@type\":\"ListItem\",\"position\":2,\"name\":\"Shop\",\"item\":\"https:\\\/\\\/rfdrivethru.ca\\\/shop\\\/\"},{\"@type\":\"ListItem\",\"position\":3,\"name\":\"IP Sentry 4MP 2K Vandal Dome Surveillance Camera\"}]},{\"@type\":\"WebSite\",\"@id\":\"https:\\\/\\\/rfdrivethru.ca\\\/#website\",\"url\":\"https:\\\/\\\/rfdrivethru.ca\\\/\",\"name\":\"R.F. Technologies, Inc.\",\"description\":\"Canadian Restaurant Technology Solutions\",\"publisher\":{\"@id\":\"https:\\\/\\\/rfdrivethru.ca\\\/#organization\"},\"potentialAction\":[{\"@type\":\"SearchAction\",\"target\":{\"@type\":\"EntryPoint\",\"urlTemplate\":\"https:\\\/\\\/rfdrivethru.ca\\\/?s={search_term_string}\"},\"query-input\":{\"@type\":\"PropertyValueSpecification\",\"valueRequired\":true,\"valueName\":\"search_term_string\"}}],\"inLanguage\":\"fr-CA\"},{\"@type\":\"Organization\",\"@id\":\"https:\\\/\\\/rfdrivethru.ca\\\/#organization\",\"name\":\"RF Drive-Thru ULC\",\"url\":\"https:\\\/\\\/rfdrivethru.ca\\\/\",\"logo\":{\"@type\":\"ImageObject\",\"inLanguage\":\"fr-CA\",\"@id\":\"https:\\\/\\\/rfdrivethru.ca\\\/#\\\/schema\\\/logo\\\/image\\\/\",\"url\":\"https:\\\/\\\/rfdrivethru.ca\\\/wp-content\\\/uploads\\\/2025\\\/08\\\/cropped-R.F.-Technologies-Inc_.png\",\"contentUrl\":\"https:\\\/\\\/rfdrivethru.ca\\\/wp-content\\\/uploads\\\/2025\\\/08\\\/cropped-R.F.-Technologies-Inc_.png\",\"width\":512,\"height\":512,\"caption\":\"RF Drive-Thru ULC\"},\"image\":{\"@id\":\"https:\\\/\\\/rfdrivethru.ca\\\/#\\\/schema\\\/logo\\\/image\\\/\"}}]}<\/script>\n<!-- \/ Yoast SEO plugin. -->","yoast_head_json":{"title":"IP Sentry 4MP 2K Vandal Dome Surveillance Camera","description":"Big Dog Surveillance IP Sentry 4MP 2K Vandal Dome Surveillance Camera sold by R.F. Technologies, Inc.","robots":{"index":"index","follow":"follow","max-snippet":"max-snippet:-1","max-image-preview":"max-image-preview:large","max-video-preview":"max-video-preview:-1"},"canonical":"https:\/\/rfdrivethru.ca\/fr\/product\/ip-sentry-4mp-2k-vandal-dome-surveillance-camera\/","og_locale":"fr_CA","og_type":"article","og_title":"IP Sentry 4MP 2K Vandal Dome Surveillance Camera","og_description":"Big Dog Surveillance IP Sentry 4MP 2K Vandal Dome Surveillance Camera sold by R.F. Technologies, Inc.","og_url":"https:\/\/rfdrivethru.ca\/fr\/product\/ip-sentry-4mp-2k-vandal-dome-surveillance-camera\/","og_site_name":"RF Drive-Thru ULC","article_modified_time":"2025-07-11T12:26:28+00:00","og_image":[{"width":1076,"height":896,"url":"https:\/\/rfdrivethru.ca\/wp-content\/uploads\/2024\/06\/CIPV4IR28.png","type":"image\/png"}],"twitter_card":"summary_large_image","twitter_misc":{"Est. reading time":"1 minute"},"schema":{"@context":"https:\/\/schema.org","@graph":[{"@type":"WebPage","@id":"https:\/\/rfdrivethru.ca\/product\/ip-sentry-4mp-2k-vandal-dome-surveillance-camera\/","url":"https:\/\/rfdrivethru.ca\/product\/ip-sentry-4mp-2k-vandal-dome-surveillance-camera\/","name":"IP Sentry 4MP 2K Vandal Dome Surveillance Camera","isPartOf":{"@id":"https:\/\/rfdrivethru.ca\/#website"},"primaryImageOfPage":{"@id":"https:\/\/rfdrivethru.ca\/product\/ip-sentry-4mp-2k-vandal-dome-surveillance-camera\/#primaryimage"},"image":{"@id":"https:\/\/rfdrivethru.ca\/product\/ip-sentry-4mp-2k-vandal-dome-surveillance-camera\/#primaryimage"},"thumbnailUrl":"https:\/\/rfdrivethru.ca\/wp-content\/uploads\/2024\/06\/CIPV4IR28.png","datePublished":"2024-06-21T19:44:20+00:00","dateModified":"2025-07-11T12:26:28+00:00","description":"Big Dog Surveillance IP Sentry 4MP 2K Vandal Dome Surveillance Camera sold by R.F. Technologies, Inc.","breadcrumb":{"@id":"https:\/\/rfdrivethru.ca\/product\/ip-sentry-4mp-2k-vandal-dome-surveillance-camera\/#breadcrumb"},"inLanguage":"fr-CA","potentialAction":[{"@type":"ReadAction","target":["https:\/\/rfdrivethru.ca\/product\/ip-sentry-4mp-2k-vandal-dome-surveillance-camera\/"]}]},{"@type":"ImageObject","inLanguage":"fr-CA","@id":"https:\/\/rfdrivethru.ca\/product\/ip-sentry-4mp-2k-vandal-dome-surveillance-camera\/#primaryimage","url":"https:\/\/rfdrivethru.ca\/wp-content\/uploads\/2024\/06\/CIPV4IR28.png","contentUrl":"https:\/\/rfdrivethru.ca\/wp-content\/uploads\/2024\/06\/CIPV4IR28.png","width":1076,"height":896},{"@type":"BreadcrumbList","@id":"https:\/\/rfdrivethru.ca\/product\/ip-sentry-4mp-2k-vandal-dome-surveillance-camera\/#breadcrumb","itemListElement":[{"@type":"ListItem","position":1,"name":"Home","item":"https:\/\/rfdrivethru.ca\/"},{"@type":"ListItem","position":2,"name":"Shop","item":"https:\/\/rfdrivethru.ca\/shop\/"},{"@type":"ListItem","position":3,"name":"IP Sentry 4MP 2K Vandal Dome Surveillance Camera"}]},{"@type":"WebSite","@id":"https:\/\/rfdrivethru.ca\/#website","url":"https:\/\/rfdrivethru.ca\/","name":"R.F. Technologies, Inc.","description":"Canadian Restaurant Technology Solutions","publisher":{"@id":"https:\/\/rfdrivethru.ca\/#organization"},"potentialAction":[{"@type":"SearchAction","target":{"@type":"EntryPoint","urlTemplate":"https:\/\/rfdrivethru.ca\/?s={search_term_string}"},"query-input":{"@type":"PropertyValueSpecification","valueRequired":true,"valueName":"search_term_string"}}],"inLanguage":"fr-CA"},{"@type":"Organization","@id":"https:\/\/rfdrivethru.ca\/#organization","name":"RF Drive-Thru ULC","url":"https:\/\/rfdrivethru.ca\/","logo":{"@type":"ImageObject","inLanguage":"fr-CA","@id":"https:\/\/rfdrivethru.ca\/#\/schema\/logo\/image\/","url":"https:\/\/rfdrivethru.ca\/wp-content\/uploads\/2025\/08\/cropped-R.F.-Technologies-Inc_.png","contentUrl":"https:\/\/rfdrivethru.ca\/wp-content\/uploads\/2025\/08\/cropped-R.F.-Technologies-Inc_.png","width":512,"height":512,"caption":"RF Drive-Thru ULC"},"image":{"@id":"https:\/\/rfdrivethru.ca\/#\/schema\/logo\/image\/"}}]}},"_links":{"self":[{"href":"https:\/\/rfdrivethru.ca\/fr\/wp-json\/wp\/v2\/product\/30222","targetHints":{"allow":["GET"]}}],"collection":[{"href":"https:\/\/rfdrivethru.ca\/fr\/wp-json\/wp\/v2\/product"}],"about":[{"href":"https:\/\/rfdrivethru.ca\/fr\/wp-json\/wp\/v2\/types\/product"}],"wp:featuredmedia":[{"embeddable":true,"href":"https:\/\/rfdrivethru.ca\/fr\/wp-json\/wp\/v2\/media\/30219"}],"wp:attachment":[{"href":"https:\/\/rfdrivethru.ca\/fr\/wp-json\/wp\/v2\/media?parent=30222"}],"wp:term":[{"taxonomy":"product_brand","embeddable":true,"href":"https:\/\/rfdrivethru.ca\/fr\/wp-json\/wp\/v2\/product_brand?post=30222"},{"taxonomy":"product_cat","embeddable":true,"href":"https:\/\/rfdrivethru.ca\/fr\/wp-json\/wp\/v2\/product_cat?post=30222"},{"taxonomy":"product_tag","embeddable":true,"href":"https:\/\/rfdrivethru.ca\/fr\/wp-json\/wp\/v2\/product_tag?post=30222"}],"curies":[{"name":"wp","href":"https:\/\/api.w.org\/{rel}","templated":true}]}}